{"id":13,"date":"2025-07-11T15:49:42","date_gmt":"2025-07-11T13:49:42","guid":{"rendered":"http:\/\/localhost:8888\/mehdig\/?page_id=13"},"modified":"2025-10-18T09:17:49","modified_gmt":"2025-10-18T07:17:49","slug":"accueil","status":"publish","type":"page","link":"https:\/\/mehdiguelmamen.com\/","title":{"rendered":"Accueil"},"content":{"rendered":"\t\t<div data-elementor-type=\"wp-page\" data-elementor-id=\"13\" class=\"elementor elementor-13\">\n\t\t\t\t<div class=\"elementor-element elementor-element-eece443 e-flex e-con-boxed e-con e-parent\" data-id=\"eece443\" data-element_type=\"container\" data-e-type=\"container\">\n\t\t\t\t\t<div class=\"e-con-inner\">\n\t\t<div class=\"elementor-element elementor-element-d6bbc03 e-con-full e-flex e-con e-child\" data-id=\"d6bbc03\" data-element_type=\"container\" data-e-type=\"container\">\n\t\t<div class=\"elementor-element elementor-element-77320d1 e-con-full e-flex e-con e-child\" data-id=\"77320d1\" data-element_type=\"container\" data-e-type=\"container\">\n\t\t\t\t<div class=\"elementor-element elementor-element-0330240 elementor-widget__width-initial elementor-widget-mobile__width-initial elementor-widget elementor-widget-image\" data-id=\"0330240\" data-element_type=\"widget\" data-e-type=\"widget\" data-widget_type=\"image.default\">\n\t\t\t\t\t\t\t\t\t\t\t\t\t\t\t<img fetchpriority=\"high\" decoding=\"async\" width=\"704\" height=\"1024\" src=\"https:\/\/mehdiguelmamen.com\/wp-content\/uploads\/2025\/07\/IMG_8531-e1752243071905-704x1024.jpg\" class=\"attachment-large size-large wp-image-17\" alt=\"\" srcset=\"https:\/\/mehdiguelmamen.com\/wp-content\/uploads\/2025\/07\/IMG_8531-e1752243071905-704x1024.jpg 704w, https:\/\/mehdiguelmamen.com\/wp-content\/uploads\/2025\/07\/IMG_8531-e1752243071905-206x300.jpg 206w, https:\/\/mehdiguelmamen.com\/wp-content\/uploads\/2025\/07\/IMG_8531-e1752243071905-768x1117.jpg 768w, https:\/\/mehdiguelmamen.com\/wp-content\/uploads\/2025\/07\/IMG_8531-e1752243071905.jpg 1012w\" sizes=\"(max-width: 704px) 100vw, 704px\" \/>\t\t\t\t\t\t\t\t\t\t\t\t\t\t\t<\/div>\n\t\t\t\t<\/div>\n\t\t<div class=\"elementor-element elementor-element-07dda73 e-con-full e-flex e-con e-child\" data-id=\"07dda73\" data-element_type=\"container\" data-e-type=\"container\">\n\t\t<div class=\"elementor-element elementor-element-6dcc75c e-con-full e-flex e-con e-child\" data-id=\"6dcc75c\" data-element_type=\"container\" data-e-type=\"container\">\n\t\t\t\t<div class=\"elementor-element elementor-element-f3ada6a elementor-widget elementor-widget-image\" data-id=\"f3ada6a\" data-element_type=\"widget\" data-e-type=\"widget\" data-widget_type=\"image.default\">\n\t\t\t\t\t\t\t\t\t\t\t\t\t\t\t<img decoding=\"async\" width=\"144\" height=\"221\" src=\"https:\/\/mehdiguelmamen.com\/wp-content\/uploads\/2025\/09\/Logo-beta--e1758717653175.png\" class=\"attachment-large size-large wp-image-104\" alt=\"\" \/>\t\t\t\t\t\t\t\t\t\t\t\t\t\t\t<\/div>\n\t\t\t\t<\/div>\n\t\t<div class=\"elementor-element elementor-element-860ce29 e-con-full e-flex e-con e-child\" data-id=\"860ce29\" data-element_type=\"container\" data-e-type=\"container\">\n\t\t\t\t<div class=\"elementor-element elementor-element-744be70 elementor-widget elementor-widget-image\" data-id=\"744be70\" data-element_type=\"widget\" data-e-type=\"widget\" data-widget_type=\"image.default\">\n\t\t\t\t\t\t\t\t\t\t\t\t\t\t\t<img decoding=\"async\" width=\"300\" height=\"281\" src=\"https:\/\/mehdiguelmamen.com\/wp-content\/uploads\/2025\/09\/Logo_Universite_de_Lorraine.svg_-e1758717687755-300x281.png\" class=\"attachment-medium size-medium wp-image-103\" alt=\"\" srcset=\"https:\/\/mehdiguelmamen.com\/wp-content\/uploads\/2025\/09\/Logo_Universite_de_Lorraine.svg_-e1758717687755-300x281.png 300w, https:\/\/mehdiguelmamen.com\/wp-content\/uploads\/2025\/09\/Logo_Universite_de_Lorraine.svg_-e1758717687755-768x719.png 768w, https:\/\/mehdiguelmamen.com\/wp-content\/uploads\/2025\/09\/Logo_Universite_de_Lorraine.svg_-e1758717687755.png 947w\" sizes=\"(max-width: 300px) 100vw, 300px\" \/>\t\t\t\t\t\t\t\t\t\t\t\t\t\t\t<\/div>\n\t\t\t\t<\/div>\n\t\t<div class=\"elementor-element elementor-element-fc8ce42 e-con-full e-flex e-con e-child\" data-id=\"fc8ce42\" data-element_type=\"container\" data-e-type=\"container\">\n\t\t\t\t<div class=\"elementor-element elementor-element-973ab72 elementor-widget elementor-widget-image\" data-id=\"973ab72\" data-element_type=\"widget\" data-e-type=\"widget\" data-widget_type=\"image.default\">\n\t\t\t\t\t\t\t\t\t\t\t\t\t\t\t<img loading=\"lazy\" decoding=\"async\" width=\"198\" height=\"300\" src=\"https:\/\/mehdiguelmamen.com\/wp-content\/uploads\/2025\/09\/chaire-logo-png-e1758717714307-198x300.png\" class=\"attachment-medium size-medium wp-image-102\" alt=\"\" srcset=\"https:\/\/mehdiguelmamen.com\/wp-content\/uploads\/2025\/09\/chaire-logo-png-e1758717714307-198x300.png 198w, https:\/\/mehdiguelmamen.com\/wp-content\/uploads\/2025\/09\/chaire-logo-png-e1758717714307.png 284w\" sizes=\"(max-width: 198px) 100vw, 198px\" \/>\t\t\t\t\t\t\t\t\t\t\t\t\t\t\t<\/div>\n\t\t\t\t<\/div>\n\t\t\t\t<\/div>\n\t\t<div class=\"elementor-element elementor-element-9585aaf e-con-full e-flex e-con e-child\" data-id=\"9585aaf\" data-element_type=\"container\" data-e-type=\"container\">\n\t\t<div class=\"elementor-element elementor-element-59d24f5 e-con-full e-flex e-con e-child\" data-id=\"59d24f5\" data-element_type=\"container\" data-e-type=\"container\">\n\t\t\t\t<div class=\"elementor-element elementor-element-b906956 elementor-widget-mobile__width-initial elementor-widget elementor-widget-button\" data-id=\"b906956\" data-element_type=\"widget\" data-e-type=\"widget\" data-widget_type=\"button.default\">\n\t\t\t\t\t\t\t\t\t\t<a class=\"elementor-button elementor-button-link elementor-size-sm\" href=\"https:\/\/mehdiguelmamen.com\/wp-content\/uploads\/2025\/09\/Guelmamen-Mehdi.pdf\">\n\t\t\t\t\t\t<span class=\"elementor-button-content-wrapper\">\n\t\t\t\t\t\t\t\t\t<span class=\"elementor-button-text\">CV en fran\u00e7ais<\/span>\n\t\t\t\t\t<\/span>\n\t\t\t\t\t<\/a>\n\t\t\t\t\t\t\t\t<\/div>\n\t\t\t\t<\/div>\n\t\t<div class=\"elementor-element elementor-element-3a7a95a e-con-full e-flex e-con e-child\" data-id=\"3a7a95a\" data-element_type=\"container\" data-e-type=\"container\">\n\t\t\t\t<div class=\"elementor-element elementor-element-0d46b9b elementor-widget elementor-widget-button\" data-id=\"0d46b9b\" data-element_type=\"widget\" data-e-type=\"widget\" data-widget_type=\"button.default\">\n\t\t\t\t\t\t\t\t\t\t<a class=\"elementor-button elementor-button-link elementor-size-sm\" href=\"https:\/\/mehdiguelmamen.com\/wp-content\/uploads\/2025\/09\/Guelmamen-Mehdi_anglais.pdf\">\n\t\t\t\t\t\t<span class=\"elementor-button-content-wrapper\">\n\t\t\t\t\t\t\t\t\t<span class=\"elementor-button-text\">CV in English<\/span>\n\t\t\t\t\t<\/span>\n\t\t\t\t\t<\/a>\n\t\t\t\t\t\t\t\t<\/div>\n\t\t\t\t<\/div>\n\t\t\t\t<\/div>\n\t\t\t\t<\/div>\n\t\t<div class=\"elementor-element elementor-element-759fc51 e-con-full e-flex e-con e-child\" data-id=\"759fc51\" data-element_type=\"container\" data-e-type=\"container\">\n\t\t<div class=\"elementor-element elementor-element-0d81100 e-con-full e-flex e-con e-child\" data-id=\"0d81100\" data-element_type=\"container\" data-e-type=\"container\">\n\t\t\t\t<div class=\"elementor-element elementor-element-519eabb elementor-widget elementor-widget-heading\" data-id=\"519eabb\" data-element_type=\"widget\" data-e-type=\"widget\" data-widget_type=\"heading.default\">\n\t\t\t\t\t<h2 class=\"elementor-heading-title elementor-size-default\">Fonctions :<\/h2>\t\t\t\t<\/div>\n\t\t\t\t<\/div>\n\t\t<div class=\"elementor-element elementor-element-b51b27f e-con-full e-flex e-con e-child\" data-id=\"b51b27f\" data-element_type=\"container\" data-e-type=\"container\">\n\t\t\t\t<div class=\"elementor-element elementor-element-553f3ca elementor-widget elementor-widget-text-editor\" data-id=\"553f3ca\" data-element_type=\"widget\" data-e-type=\"widget\" data-widget_type=\"text-editor.default\">\n\t\t\t\t\t\t\t\t\t<ul><li>Doctorant contractuel avec missions d&rsquo;enseignement \u00e0 l&rsquo;Universit\u00e9 de Lorraine.<\/li><li>Repr\u00e9sentant des doctorants au conseil du Bureau d&rsquo;\u00e9conomie th\u00e9orique et appliqu\u00e9e (BETA)<\/li><li>Repr\u00e9sentant suppl\u00e9ant des doctorants au conseil de l&rsquo;\u00e9cole doctorale Sciences Juridiques, Politiques, Economiques et de Gestion (SJPEG)<\/li><\/ul><p>\u00a0<\/p><p><strong>Th\u00e8mes de recherch<\/strong>e : Economie de l&rsquo;environnement, \u00e9conomie des ressources naturelles, \u00e9conom\u00e9trie appliqu\u00e9e, \u00e9conomie publique, \u00e9valuation des politiques publiques.\u00a0<\/p>\t\t\t\t\t\t\t\t<\/div>\n\t\t\t\t<\/div>\n\t\t\t\t<\/div>\n\t\t<div class=\"elementor-element elementor-element-4d472a5 e-con-full e-flex e-con e-child\" data-id=\"4d472a5\" data-element_type=\"container\" data-e-type=\"container\">\n\t\t<div class=\"elementor-element elementor-element-9594316 e-con-full e-flex e-con e-child\" data-id=\"9594316\" data-element_type=\"container\" data-e-type=\"container\">\n\t\t\t\t<div class=\"elementor-element elementor-element-3a05621 elementor-widget elementor-widget-heading\" data-id=\"3a05621\" data-element_type=\"widget\" data-e-type=\"widget\" data-widget_type=\"heading.default\">\n\t\t\t\t\t<h2 class=\"elementor-heading-title elementor-size-default\">R\u00e9sum\u00e9 :<\/h2>\t\t\t\t<\/div>\n\t\t\t\t<\/div>\n\t\t<div class=\"elementor-element elementor-element-243a1f6 e-con-full e-flex e-con e-child\" data-id=\"243a1f6\" data-element_type=\"container\" data-e-type=\"container\">\n\t\t\t\t<div class=\"elementor-element elementor-element-561fe90 elementor-widget elementor-widget-text-editor\" data-id=\"561fe90\" data-element_type=\"widget\" data-e-type=\"widget\" data-widget_type=\"text-editor.default\">\n\t\t\t\t\t\t\t\t\t<div>Je suis actuellement doctorant contractuel \u00e0 l&rsquo;Universit\u00e9 de Lorraine et au Bureau d&rsquo;\u00e9conomie th\u00e9orique et appliqu\u00e9e (BETA) et membre de la chaire Ressources Naturelles et Economie Locale (RENEL).\u00a0<\/div><div>\u00a0<\/div><div>Mes travaux de recherche en \u00e9conomie appliqu\u00e9e portent sur la gouvernance des ressources naturelles et des services publics. Plus pr\u00e9cis\u00e9ment, mes travaux de th\u00e8se portent sur la gouvernance de l&rsquo;eau potable dans un contexte de transition \u00e9cologique, en consid\u00e9rant le r\u00f4le pr\u00e9pond\u00e9rant des institutions.<\/div><div>\u00a0<\/div><div>Au cours de mon cursus acad\u00e9mique, j&rsquo;ai obtenu un Master en Expertise Statistiques pour l&rsquo;\u00e9conomie et la Finance (avec mention Tr\u00e8s bien, major de promotion).\u00a0<\/div>\t\t\t\t\t\t\t\t<\/div>\n\t\t\t\t<\/div>\n\t\t\t\t<\/div>\n\t\t\t\t\t<\/div>\n\t\t\t\t<\/div>\n\t\t<div class=\"elementor-element elementor-element-d6996b8 e-flex e-con-boxed e-con e-parent\" data-id=\"d6996b8\" data-element_type=\"container\" data-e-type=\"container\">\n\t\t\t\t\t<div class=\"e-con-inner\">\n\t\t\t\t<div class=\"elementor-element elementor-element-70ac8c2 elementor-widget-divider--view-line elementor-widget elementor-widget-divider\" data-id=\"70ac8c2\" data-element_type=\"widget\" data-e-type=\"widget\" data-widget_type=\"divider.default\">\n\t\t\t\t\t\t\t<div class=\"elementor-divider\">\n\t\t\t<span class=\"elementor-divider-separator\">\n\t\t\t\t\t\t<\/span>\n\t\t<\/div>\n\t\t\t\t\t\t<\/div>\n\t\t\t\t\t<\/div>\n\t\t\t\t<\/div>\n\t\t<div class=\"elementor-element elementor-element-eb7c411 e-flex e-con-boxed e-con e-parent\" data-id=\"eb7c411\" data-element_type=\"container\" data-e-type=\"container\">\n\t\t\t\t\t<div class=\"e-con-inner\">\n\t\t<div class=\"elementor-element elementor-element-fde9e83 e-con-full e-flex e-con e-child\" data-id=\"fde9e83\" data-element_type=\"container\" data-e-type=\"container\">\n\t\t\t\t<div class=\"elementor-element elementor-element-774a3cd elementor-widget elementor-widget-heading\" data-id=\"774a3cd\" data-element_type=\"widget\" data-e-type=\"widget\" data-widget_type=\"heading.default\">\n\t\t\t\t\t<h2 class=\"elementor-heading-title elementor-size-default\">Publications <\/br> repr\u00e9sentatives :<\/h2>\t\t\t\t<\/div>\n\t\t\t\t<\/div>\n\t\t<div class=\"elementor-element elementor-element-5c0a68b e-con-full e-flex e-con e-child\" data-id=\"5c0a68b\" data-element_type=\"container\" data-e-type=\"container\">\n\t\t\t\t<div class=\"elementor-element elementor-element-0be8535 elementor-widget elementor-widget-text-editor\" data-id=\"0be8535\" data-element_type=\"widget\" data-e-type=\"widget\" data-widget_type=\"text-editor.default\">\n\t\t\t\t\t\t\t\t\t<ul><li>Guelmamen, M. (2025). <strong><a href=\"https:\/\/link.springer.com\/article\/10.1007\/s11151-025-10008-2\">Does Intermunicipal Cooperation Affect Prices?<\/a><\/strong>\u00a0An Economic Analysis of the French Drinking Water Sector. <i>Review of Industrial Organization<\/i>, 1-18.<\/li><li>Guelmamen, M., Garcia, S,. et Mayol, A. (2025). <a href=\"https:\/\/www.sciencedirect.com\/science\/article\/pii\/S0144818825000596\">Inter-municipal cooperation in drinking water supply: Trade-offs between transaction costs, efficiency and service quality.<\/a> <em>International Review of Law and Economics.<\/em><\/li><\/ul>\t\t\t\t\t\t\t\t<\/div>\n\t\t\t\t<\/div>\n\t\t\t\t\t<\/div>\n\t\t\t\t<\/div>\n\t\t\t\t<\/div>\n\t\t","protected":false},"excerpt":{"rendered":"<p>CV en fran\u00e7ais CV in English Fonctions : Doctorant contractuel avec missions d&rsquo;enseignement \u00e0 l&rsquo;Universit\u00e9 de Lorraine. Repr\u00e9sentant des doctorants au conseil du Bureau d&rsquo;\u00e9conomie th\u00e9orique et appliqu\u00e9e (BETA) Repr\u00e9sentant suppl\u00e9ant des doctorants au conseil de l&rsquo;\u00e9cole doctorale Sciences Juridiques, Politiques, Economiques et de Gestion (SJPEG) \u00a0 Th\u00e8mes de recherche : Economie de l&rsquo;environnement, \u00e9conomie [&hellip;]<\/p>\n","protected":false},"author":1,"featured_media":0,"parent":0,"menu_order":0,"comment_status":"closed","ping_status":"closed","template":"","meta":{"footnotes":""},"class_list":["post-13","page","type-page","status-publish","hentry"],"_links":{"self":[{"href":"https:\/\/mehdiguelmamen.com\/index.php\/wp-json\/wp\/v2\/pages\/13","targetHints":{"allow":["GET"]}}],"collection":[{"href":"https:\/\/mehdiguelmamen.com\/index.php\/wp-json\/wp\/v2\/pages"}],"about":[{"href":"https:\/\/mehdiguelmamen.com\/index.php\/wp-json\/wp\/v2\/types\/page"}],"author":[{"embeddable":true,"href":"https:\/\/mehdiguelmamen.com\/index.php\/wp-json\/wp\/v2\/users\/1"}],"replies":[{"embeddable":true,"href":"https:\/\/mehdiguelmamen.com\/index.php\/wp-json\/wp\/v2\/comments?post=13"}],"version-history":[{"count":67,"href":"https:\/\/mehdiguelmamen.com\/index.php\/wp-json\/wp\/v2\/pages\/13\/revisions"}],"predecessor-version":[{"id":196,"href":"https:\/\/mehdiguelmamen.com\/index.php\/wp-json\/wp\/v2\/pages\/13\/revisions\/196"}],"wp:attachment":[{"href":"https:\/\/mehdiguelmamen.com\/index.php\/wp-json\/wp\/v2\/media?parent=13"}],"curies":[{"name":"wp","href":"https:\/\/api.w.org\/{rel}","templated":true}]}}