{"id":132,"date":"2025-09-24T15:30:30","date_gmt":"2025-09-24T13:30:30","guid":{"rendered":"http:\/\/localhost:8888\/mehdig\/?page_id=132"},"modified":"2025-10-17T21:39:51","modified_gmt":"2025-10-17T19:39:51","slug":"fonctions","status":"publish","type":"page","link":"https:\/\/mehdiguelmamen.com\/index.php\/fonctions\/","title":{"rendered":"Fonctions"},"content":{"rendered":"\t\t<div data-elementor-type=\"wp-page\" data-elementor-id=\"132\" class=\"elementor elementor-132\">\n\t\t\t\t<div class=\"elementor-element elementor-element-c8ea6c0 e-flex e-con-boxed e-con e-parent\" data-id=\"c8ea6c0\" data-element_type=\"container\" data-e-type=\"container\">\n\t\t\t\t\t<div class=\"e-con-inner\">\n\t\t\t\t<div class=\"elementor-element elementor-element-72ede52 elementor-widget elementor-widget-spacer\" data-id=\"72ede52\" data-element_type=\"widget\" data-e-type=\"widget\" data-widget_type=\"spacer.default\">\n\t\t\t\t\t\t\t<div class=\"elementor-spacer\">\n\t\t\t<div class=\"elementor-spacer-inner\"><\/div>\n\t\t<\/div>\n\t\t\t\t\t\t<\/div>\n\t\t\t\t\t<\/div>\n\t\t\t\t<\/div>\n\t\t<div class=\"elementor-element elementor-element-af276c2 e-flex e-con-boxed e-con e-parent\" data-id=\"af276c2\" data-element_type=\"container\" data-e-type=\"container\">\n\t\t\t\t\t<div class=\"e-con-inner\">\n\t\t<div class=\"elementor-element elementor-element-65a2b60 e-con-full e-flex e-con e-child\" data-id=\"65a2b60\" data-element_type=\"container\" data-e-type=\"container\">\n\t\t\t\t<div class=\"elementor-element elementor-element-5f26092 elementor-widget elementor-widget-heading\" data-id=\"5f26092\" data-element_type=\"widget\" data-e-type=\"widget\" data-widget_type=\"heading.default\">\n\t\t\t\t\t<h2 class=\"elementor-heading-title elementor-size-default\">Fonction<\/br> actuelles :<\/h2>\t\t\t\t<\/div>\n\t\t\t\t<\/div>\n\t\t<div class=\"elementor-element elementor-element-7916988 e-con-full e-flex e-con e-child\" data-id=\"7916988\" data-element_type=\"container\" data-e-type=\"container\">\n\t\t\t\t<div class=\"elementor-element elementor-element-e3d8f78 elementor-widget elementor-widget-text-editor\" data-id=\"e3d8f78\" data-element_type=\"widget\" data-e-type=\"widget\" data-widget_type=\"text-editor.default\">\n\t\t\t\t\t\t\t\t\t<ul><li>Doctorant contractuel avec missions d&rsquo;enseignement \u00e0 l&rsquo;Universit\u00e9 de Lorraine<\/li><li>Repr\u00e9sentant des doctorants au conseil du Bureau d&rsquo;\u00e9conomie th\u00e9orique et appliqu\u00e9e (BETA)<\/li><li>Repr\u00e9sentant suppl\u00e9ant des doctorants au conseil de l&rsquo;\u00e9cole doctorale Sciences Juridiques, Politiques, Economiques et de Gestion (SJPEG)<\/li><li>Co-organisateur du s\u00e9minaire des doctorants du BETA<\/li><li>Co-organisateur du s\u00e9minaire des doctorants en \u00e9conomie des organisations (IAE Paris-Sorbonne)<\/li><\/ul>\t\t\t\t\t\t\t\t<\/div>\n\t\t\t\t<\/div>\n\t\t\t\t\t<\/div>\n\t\t\t\t<\/div>\n\t\t<div class=\"elementor-element elementor-element-c939e6d e-flex e-con-boxed e-con e-parent\" data-id=\"c939e6d\" data-element_type=\"container\" data-e-type=\"container\">\n\t\t\t\t\t<div class=\"e-con-inner\">\n\t\t<div class=\"elementor-element elementor-element-d55e7c4 e-con-full e-flex e-con e-child\" data-id=\"d55e7c4\" data-element_type=\"container\" data-e-type=\"container\">\n\t\t\t\t<div class=\"elementor-element elementor-element-d436279 elementor-widget-divider--view-line elementor-widget elementor-widget-divider\" data-id=\"d436279\" data-element_type=\"widget\" data-e-type=\"widget\" data-widget_type=\"divider.default\">\n\t\t\t\t\t\t\t<div class=\"elementor-divider\">\n\t\t\t<span class=\"elementor-divider-separator\">\n\t\t\t\t\t\t<\/span>\n\t\t<\/div>\n\t\t\t\t\t\t<\/div>\n\t\t\t\t<\/div>\n\t\t\t\t\t<\/div>\n\t\t\t\t<\/div>\n\t\t<div class=\"elementor-element elementor-element-3024332 e-flex e-con-boxed e-con e-parent\" data-id=\"3024332\" data-element_type=\"container\" data-e-type=\"container\">\n\t\t\t\t\t<div class=\"e-con-inner\">\n\t\t<div class=\"elementor-element elementor-element-328eb88 e-con-full e-flex e-con e-child\" data-id=\"328eb88\" data-element_type=\"container\" data-e-type=\"container\">\n\t\t\t\t<div class=\"elementor-element elementor-element-ea57c5d elementor-widget elementor-widget-heading\" data-id=\"ea57c5d\" data-element_type=\"widget\" data-e-type=\"widget\" data-widget_type=\"heading.default\">\n\t\t\t\t\t<h2 class=\"elementor-heading-title elementor-size-default\">Formation :<\/h2>\t\t\t\t<\/div>\n\t\t\t\t<\/div>\n\t\t<div class=\"elementor-element elementor-element-c308f23 e-con-full e-flex e-con e-child\" data-id=\"c308f23\" data-element_type=\"container\" data-e-type=\"container\">\n\t\t\t\t<div class=\"elementor-element elementor-element-9a184f6 elementor-widget elementor-widget-text-editor\" data-id=\"9a184f6\" data-element_type=\"widget\" data-e-type=\"widget\" data-widget_type=\"text-editor.default\">\n\t\t\t\t\t\t\t\t\t<ul><li>Depuis 2023 : Doctorat en sciences \u00e9conomiques &#8211; Universit\u00e9 de Lorraine Titre : <em>Markets, institutions and local governance of public services. An empirical assessment of the drinking water sector<\/em>. Directeurs de th\u00e8se : Serge Garcia (Directeur de recherches, INRAE) et Alexandre Mayol (Professeur des universit\u00e9s, Universit\u00e9 de Lille)<\/li><li>2022 :\u00a0<strong><a href=\"https:\/\/www.parisschoolofeconomics.eu\/summer-school\/\" target=\"_blank\" rel=\"noopener\">Paris School of Economics : Summer School, Industrial Organization<\/a><\/strong>.\u00a0<\/li><li>2021 &#8211; 2023 :\u00a0<strong><a href=\"http:\/\/fac-droit-economie-administration.univ-lorraine.fr\/sites\/default\/files\/commun\/NOS%20FORMATIONS\/MASTER%201%20ECONOMIE%20APPLIQUEE%20SEPT%202024.pdf\" target=\"_blank\" rel=\"noopener\">Master Expertise Statistique pour l&rsquo;Economie et la Finance<\/a><\/strong>\u00a0(mention TB, major de promotion) &#8211; Universit\u00e9 de Lorraine<\/li><li>2018 &#8211; 2021 : Licence \u00e9conomie (mention TB) &#8211; Universit\u00e9 de Lorraine<\/li><\/ul>\t\t\t\t\t\t\t\t<\/div>\n\t\t\t\t<\/div>\n\t\t\t\t\t<\/div>\n\t\t\t\t<\/div>\n\t\t\t\t<\/div>\n\t\t","protected":false},"excerpt":{"rendered":"<p>Fonction actuelles : Doctorant contractuel avec missions d&rsquo;enseignement \u00e0 l&rsquo;Universit\u00e9 de Lorraine Repr\u00e9sentant des doctorants au conseil du Bureau d&rsquo;\u00e9conomie th\u00e9orique et appliqu\u00e9e (BETA) Repr\u00e9sentant suppl\u00e9ant des doctorants au conseil de l&rsquo;\u00e9cole doctorale Sciences Juridiques, Politiques, Economiques et de Gestion (SJPEG) Co-organisateur du s\u00e9minaire des doctorants du BETA Co-organisateur du s\u00e9minaire des doctorants en \u00e9conomie [&hellip;]<\/p>\n","protected":false},"author":1,"featured_media":0,"parent":0,"menu_order":0,"comment_status":"closed","ping_status":"closed","template":"","meta":{"footnotes":""},"class_list":["post-132","page","type-page","status-publish","hentry"],"_links":{"self":[{"href":"https:\/\/mehdiguelmamen.com\/index.php\/wp-json\/wp\/v2\/pages\/132","targetHints":{"allow":["GET"]}}],"collection":[{"href":"https:\/\/mehdiguelmamen.com\/index.php\/wp-json\/wp\/v2\/pages"}],"about":[{"href":"https:\/\/mehdiguelmamen.com\/index.php\/wp-json\/wp\/v2\/types\/page"}],"author":[{"embeddable":true,"href":"https:\/\/mehdiguelmamen.com\/index.php\/wp-json\/wp\/v2\/users\/1"}],"replies":[{"embeddable":true,"href":"https:\/\/mehdiguelmamen.com\/index.php\/wp-json\/wp\/v2\/comments?post=132"}],"version-history":[{"count":7,"href":"https:\/\/mehdiguelmamen.com\/index.php\/wp-json\/wp\/v2\/pages\/132\/revisions"}],"predecessor-version":[{"id":189,"href":"https:\/\/mehdiguelmamen.com\/index.php\/wp-json\/wp\/v2\/pages\/132\/revisions\/189"}],"wp:attachment":[{"href":"https:\/\/mehdiguelmamen.com\/index.php\/wp-json\/wp\/v2\/media?parent=132"}],"curies":[{"name":"wp","href":"https:\/\/api.w.org\/{rel}","templated":true}]}}