{"id":54,"date":"2025-09-10T12:39:00","date_gmt":"2025-09-10T10:39:00","guid":{"rendered":"http:\/\/localhost:8888\/mehdig\/?page_id=54"},"modified":"2025-10-17T21:28:24","modified_gmt":"2025-10-17T19:28:24","slug":"communication-scientifique","status":"publish","type":"page","link":"https:\/\/mehdiguelmamen.com\/index.php\/communication-scientifique\/","title":{"rendered":"Communication scientifique"},"content":{"rendered":"\t\t<div data-elementor-type=\"wp-page\" data-elementor-id=\"54\" class=\"elementor elementor-54\">\n\t\t\t\t<div class=\"elementor-element elementor-element-8995cf9 e-flex e-con-boxed e-con e-parent\" data-id=\"8995cf9\" data-element_type=\"container\" data-e-type=\"container\">\n\t\t\t\t\t<div class=\"e-con-inner\">\n\t\t\t\t<div class=\"elementor-element elementor-element-fee07a7 elementor-widget elementor-widget-spacer\" data-id=\"fee07a7\" data-element_type=\"widget\" data-e-type=\"widget\" data-widget_type=\"spacer.default\">\n\t\t\t\t\t\t\t<div class=\"elementor-spacer\">\n\t\t\t<div class=\"elementor-spacer-inner\"><\/div>\n\t\t<\/div>\n\t\t\t\t\t\t<\/div>\n\t\t\t\t\t<\/div>\n\t\t\t\t<\/div>\n\t\t<div class=\"elementor-element elementor-element-fc59011 e-flex e-con-boxed e-con e-parent\" data-id=\"fc59011\" data-element_type=\"container\" data-e-type=\"container\">\n\t\t\t\t\t<div class=\"e-con-inner\">\n\t\t<div class=\"elementor-element elementor-element-13d16b8 e-con-full e-flex e-con e-child\" data-id=\"13d16b8\" data-element_type=\"container\" data-e-type=\"container\">\n\t\t\t\t<div class=\"elementor-element elementor-element-f3b36e3 elementor-widget elementor-widget-heading\" data-id=\"f3b36e3\" data-element_type=\"widget\" data-e-type=\"widget\" data-widget_type=\"heading.default\">\n\t\t\t\t\t<h2 class=\"elementor-heading-title elementor-size-default\">Conf\u00e9rences <\/br>\net congr\u00e8s :<\/h2>\t\t\t\t<\/div>\n\t\t\t\t<\/div>\n\t\t<div class=\"elementor-element elementor-element-bdacb2b e-con-full e-flex e-con e-child\" data-id=\"bdacb2b\" data-element_type=\"container\" data-e-type=\"container\">\n\t\t\t\t<div class=\"elementor-element elementor-element-edd3714 elementor-widget elementor-widget-text-editor\" data-id=\"edd3714\" data-element_type=\"widget\" data-e-type=\"widget\" data-widget_type=\"text-editor.default\">\n\t\t\t\t\t\t\t\t\t<ul><li>Congr\u00e8s de l&rsquo;Association fran\u00e7aise d&rsquo;\u00e9conomie du droit (AFED). <span id=\"OBJ_PREFIX_DWT499_com_zimbra_date\" class=\"Object\" role=\"link\"><span id=\"OBJ_PREFIX_DWT519_com_zimbra_date\" class=\"Object\" role=\"link\">Octobre 2025. <\/span><\/span>Nancy<\/li><li>Institutional and Organizational Economics Academy (IOEA). <span id=\"OBJ_PREFIX_DWT491_com_zimbra_date\" class=\"Object\" role=\"link\"><span id=\"OBJ_PREFIX_DWT511_com_zimbra_date\" class=\"Object\" role=\"link\">Mai 2025. <\/span><\/span>Carg\u00e8se (Corse)<\/li><li>Congr\u00e8s de l&rsquo;Association fran\u00e7aise d&rsquo;\u00e9conomie du droit (AFED). <span id=\"OBJ_PREFIX_DWT492_com_zimbra_date\" class=\"Object\" role=\"link\"><span id=\"OBJ_PREFIX_DWT512_com_zimbra_date\" class=\"Object\" role=\"link\">D\u00e9cembre 2024. <\/span><\/span>Paris<\/li><li>Conf\u00e9rence de la FAERE 2024. <span id=\"OBJ_PREFIX_DWT493_com_zimbra_date\" class=\"Object\" role=\"link\"><span id=\"OBJ_PREFIX_DWT513_com_zimbra_date\" class=\"Object\" role=\"link\">Septembre 2024.<\/span><\/span>\u00a0Strasbourg<\/li><li>Conf\u00e9rence de la chaire ressources naturelles et \u00e9conomie locale (RENEL). <span id=\"OBJ_PREFIX_DWT494_com_zimbra_date\" class=\"Object\" role=\"link\"><span id=\"OBJ_PREFIX_DWT514_com_zimbra_date\" class=\"Object\" role=\"link\">Juin 2024.<\/span><\/span>\u00a0Metz<\/li><li>Congr\u00e8s de l&rsquo;Association fran\u00e7aise de science \u00e9conomique (AFSE). <span id=\"OBJ_PREFIX_DWT495_com_zimbra_date\" class=\"Object\" role=\"link\"><span id=\"OBJ_PREFIX_DWT515_com_zimbra_date\" class=\"Object\" role=\"link\">Juin 2024. <\/span><\/span>Bordeaux<\/li><li>\u00a0Journ\u00e9es de Micro\u00e9conomie appliqu\u00e9e (JMA). <span id=\"OBJ_PREFIX_DWT496_com_zimbra_date\" class=\"Object\" role=\"link\"><span id=\"OBJ_PREFIX_DWT516_com_zimbra_date\" class=\"Object\" role=\"link\">Juin 2024. <\/span><\/span>Lille<\/li><li>Institutional and Organizational Economics Academy (IOEA). <span id=\"OBJ_PREFIX_DWT497_com_zimbra_date\" class=\"Object\" role=\"link\"><span id=\"OBJ_PREFIX_DWT517_com_zimbra_date\" class=\"Object\" role=\"link\">Juin 2024.<\/span><\/span>\u00a0Carg\u00e8se (Corse)<\/li><li>Forum Innovation de l&rsquo;INRAE. <span id=\"OBJ_PREFIX_DWT498_com_zimbra_date\" class=\"Object\" role=\"link\"><span id=\"OBJ_PREFIX_DWT518_com_zimbra_date\" class=\"Object\" role=\"link\">Octobre 2023. <\/span><\/span>Montpellier<\/li><li>Congr\u00e8s de l&rsquo;Association fran\u00e7aise d&rsquo;\u00e9conomie du droit (AFED). <span id=\"OBJ_PREFIX_DWT499_com_zimbra_date\" class=\"Object\" role=\"link\"><span id=\"OBJ_PREFIX_DWT519_com_zimbra_date\" class=\"Object\" role=\"link\">Octobre 2023. <\/span><\/span>Nice<\/li><li>Conf\u00e9rence de la chaire ressources naturelles et \u00e9conomie locale (RENEL). <span id=\"OBJ_PREFIX_DWT500_com_zimbra_date\" class=\"Object\" role=\"link\"><span id=\"OBJ_PREFIX_DWT520_com_zimbra_date\" class=\"Object\" role=\"link\">Mai 2023.<\/span><\/span>\u00a0Metz\u00a0<\/li><\/ul>\t\t\t\t\t\t\t\t<\/div>\n\t\t\t\t<\/div>\n\t\t\t\t\t<\/div>\n\t\t\t\t<\/div>\n\t\t<div class=\"elementor-element elementor-element-6ceb48f e-flex e-con-boxed e-con e-parent\" data-id=\"6ceb48f\" data-element_type=\"container\" data-e-type=\"container\">\n\t\t\t\t\t<div class=\"e-con-inner\">\n\t\t<div class=\"elementor-element elementor-element-e2ba981 e-con-full e-flex e-con e-child\" data-id=\"e2ba981\" data-element_type=\"container\" data-e-type=\"container\">\n\t\t\t\t<div class=\"elementor-element elementor-element-b28dc80 elementor-widget-divider--view-line elementor-widget elementor-widget-divider\" data-id=\"b28dc80\" data-element_type=\"widget\" data-e-type=\"widget\" data-widget_type=\"divider.default\">\n\t\t\t\t\t\t\t<div class=\"elementor-divider\">\n\t\t\t<span class=\"elementor-divider-separator\">\n\t\t\t\t\t\t<\/span>\n\t\t<\/div>\n\t\t\t\t\t\t<\/div>\n\t\t\t\t<\/div>\n\t\t\t\t\t<\/div>\n\t\t\t\t<\/div>\n\t\t<div class=\"elementor-element elementor-element-e914d75 e-flex e-con-boxed e-con e-parent\" data-id=\"e914d75\" data-element_type=\"container\" data-e-type=\"container\">\n\t\t\t\t\t<div class=\"e-con-inner\">\n\t\t<div class=\"elementor-element elementor-element-235dd91 e-con-full e-flex e-con e-child\" data-id=\"235dd91\" data-element_type=\"container\" data-e-type=\"container\">\n\t\t\t\t<div class=\"elementor-element elementor-element-5415973 elementor-widget elementor-widget-heading\" data-id=\"5415973\" data-element_type=\"widget\" data-e-type=\"widget\" data-widget_type=\"heading.default\">\n\t\t\t\t\t<h2 class=\"elementor-heading-title elementor-size-default\">Workshops et s\u00e9minaires :<\/h2>\t\t\t\t<\/div>\n\t\t\t\t<\/div>\n\t\t<div class=\"elementor-element elementor-element-ed21e63 e-con-full e-flex e-con e-child\" data-id=\"ed21e63\" data-element_type=\"container\" data-e-type=\"container\">\n\t\t\t\t<div class=\"elementor-element elementor-element-bab6de5 elementor-widget elementor-widget-text-editor\" data-id=\"bab6de5\" data-element_type=\"widget\" data-e-type=\"widget\" data-widget_type=\"text-editor.default\">\n\t\t\t\t\t\t\t\t\t<ul><li><div>Atelier des doctorants de deuxi\u00e8me ann\u00e9e du BETA. <span id=\"OBJ_PREFIX_DWT501_com_zimbra_date\" class=\"Object\" role=\"link\"><span id=\"OBJ_PREFIX_DWT521_com_zimbra_date\" class=\"Object\" role=\"link\">D\u00e9cembre 2024.<\/span><\/span>\u00a0St-Di\u00e9 des Vosges<\/div><\/li><li><div>Workshop international: New Institutional Law and Economics. <span id=\"OBJ_PREFIX_DWT502_com_zimbra_date\" class=\"Object\" role=\"link\"><span id=\"OBJ_PREFIX_DWT522_com_zimbra_date\" class=\"Object\" role=\"link\">Octobre 2024. <\/span><\/span>Paris<\/div><\/li><li><div>S\u00e9minaire doctorant de la chaire RENEL. <span id=\"OBJ_PREFIX_DWT503_com_zimbra_date\" class=\"Object\" role=\"link\"><span id=\"OBJ_PREFIX_DWT523_com_zimbra_date\" class=\"Object\" role=\"link\">Mai 2024. <\/span><\/span>Nancy<\/div><\/li><li><div>Journ\u00e9e du BETA. <span id=\"OBJ_PREFIX_DWT504_com_zimbra_date\" class=\"Object\" role=\"link\"><span id=\"OBJ_PREFIX_DWT524_com_zimbra_date\" class=\"Object\" role=\"link\">Mars 2024. <\/span><\/span>Nancy<\/div><\/li><li><div>S\u00e9minaire de recherche de l&rsquo;Institut National du Service Public (INSP). <span id=\"OBJ_PREFIX_DWT505_com_zimbra_date\" class=\"Object\" role=\"link\"><span id=\"OBJ_PREFIX_DWT525_com_zimbra_date\" class=\"Object\" role=\"link\">F\u00e9vrier 2024.<\/span><\/span>\u00a0Strasbourg<\/div><\/li><li><div>Journ\u00e9e de l&rsquo;Axe Environnement, For\u00eat, \u00c9nergie du BETA. <span id=\"OBJ_PREFIX_DWT506_com_zimbra_date\" class=\"Object\" role=\"link\"><span id=\"OBJ_PREFIX_DWT526_com_zimbra_date\" class=\"Object\" role=\"link\">D\u00e9cembre 2023. <\/span><\/span>Nancy<\/div><\/li><li><div>Journ\u00e9e de l&rsquo;Axe Economie du droit du BETA. <span id=\"OBJ_PREFIX_DWT507_com_zimbra_date\" class=\"Object\" role=\"link\"><span id=\"OBJ_PREFIX_DWT527_com_zimbra_date\" class=\"Object\" role=\"link\">Juillet 2023.<\/span><\/span>\u00a0Nancy<\/div><\/li><li><div>PSE Summer School : Industrial Organization. <span id=\"OBJ_PREFIX_DWT508_com_zimbra_date\" class=\"Object\" role=\"link\"><span id=\"OBJ_PREFIX_DWT528_com_zimbra_date\" class=\"Object\" role=\"link\">Juin 2023. <\/span><\/span>Paris<\/div><\/li><\/ul>\t\t\t\t\t\t\t\t<\/div>\n\t\t\t\t<\/div>\n\t\t\t\t\t<\/div>\n\t\t\t\t<\/div>\n\t\t<div class=\"elementor-element elementor-element-94f9937 e-flex e-con-boxed e-con e-parent\" data-id=\"94f9937\" data-element_type=\"container\" data-e-type=\"container\">\n\t\t\t\t\t<div class=\"e-con-inner\">\n\t\t<div class=\"elementor-element elementor-element-0157b3e e-con-full e-flex e-con e-child\" data-id=\"0157b3e\" data-element_type=\"container\" data-e-type=\"container\">\n\t\t\t\t<div class=\"elementor-element elementor-element-0d35ef7 elementor-widget-divider--view-line elementor-widget elementor-widget-divider\" data-id=\"0d35ef7\" data-element_type=\"widget\" data-e-type=\"widget\" data-widget_type=\"divider.default\">\n\t\t\t\t\t\t\t<div class=\"elementor-divider\">\n\t\t\t<span class=\"elementor-divider-separator\">\n\t\t\t\t\t\t<\/span>\n\t\t<\/div>\n\t\t\t\t\t\t<\/div>\n\t\t\t\t<\/div>\n\t\t\t\t\t<\/div>\n\t\t\t\t<\/div>\n\t\t<div class=\"elementor-element elementor-element-e756fc6 e-flex e-con-boxed e-con e-parent\" data-id=\"e756fc6\" data-element_type=\"container\" data-e-type=\"container\">\n\t\t\t\t\t<div class=\"e-con-inner\">\n\t\t<div class=\"elementor-element elementor-element-30172d7 e-con-full e-flex e-con e-child\" data-id=\"30172d7\" data-element_type=\"container\" data-e-type=\"container\">\n\t\t\t\t<div class=\"elementor-element elementor-element-976fac8 elementor-widget elementor-widget-heading\" data-id=\"976fac8\" data-element_type=\"widget\" data-e-type=\"widget\" data-widget_type=\"heading.default\">\n\t\t\t\t\t<h2 class=\"elementor-heading-title elementor-size-default\">Distinctions : <\/h2>\t\t\t\t<\/div>\n\t\t\t\t<\/div>\n\t\t<div class=\"elementor-element elementor-element-d1e160e e-con-full e-flex e-con e-child\" data-id=\"d1e160e\" data-element_type=\"container\" data-e-type=\"container\">\n\t\t\t\t<div class=\"elementor-element elementor-element-55c2602 elementor-widget elementor-widget-text-editor\" data-id=\"55c2602\" data-element_type=\"widget\" data-e-type=\"widget\" data-widget_type=\"text-editor.default\">\n\t\t\t\t\t\t\t\t\t<div><ul><li>Accessit Best Project, IOEA 2024 (Universit\u00e9 Paris Dauphine)<\/li><li>2024 Bourse d&rsquo;excellence ORION (Universit\u00e9 de Lorraine) Financement d&rsquo;une ann\u00e9e d&rsquo;\u00e9tude en M2 parcours recherche.<\/li><\/ul><\/div><div>\u00a0<\/div>\t\t\t\t\t\t\t\t<\/div>\n\t\t\t\t<\/div>\n\t\t\t\t\t<\/div>\n\t\t\t\t<\/div>\n\t\t\t\t<\/div>\n\t\t","protected":false},"excerpt":{"rendered":"<p>Conf\u00e9rences et congr\u00e8s : Congr\u00e8s de l&rsquo;Association fran\u00e7aise d&rsquo;\u00e9conomie du droit (AFED). Octobre 2025. Nancy Institutional and Organizational Economics Academy (IOEA). Mai 2025. Carg\u00e8se (Corse) Congr\u00e8s de l&rsquo;Association fran\u00e7aise d&rsquo;\u00e9conomie du droit (AFED). D\u00e9cembre 2024. Paris Conf\u00e9rence de la FAERE 2024. Septembre 2024.\u00a0Strasbourg Conf\u00e9rence de la chaire ressources naturelles et \u00e9conomie locale (RENEL). Juin 2024.\u00a0Metz [&hellip;]<\/p>\n","protected":false},"author":1,"featured_media":0,"parent":0,"menu_order":0,"comment_status":"closed","ping_status":"closed","template":"elementor_header_footer","meta":{"footnotes":""},"class_list":["post-54","page","type-page","status-publish","hentry"],"_links":{"self":[{"href":"https:\/\/mehdiguelmamen.com\/index.php\/wp-json\/wp\/v2\/pages\/54","targetHints":{"allow":["GET"]}}],"collection":[{"href":"https:\/\/mehdiguelmamen.com\/index.php\/wp-json\/wp\/v2\/pages"}],"about":[{"href":"https:\/\/mehdiguelmamen.com\/index.php\/wp-json\/wp\/v2\/types\/page"}],"author":[{"embeddable":true,"href":"https:\/\/mehdiguelmamen.com\/index.php\/wp-json\/wp\/v2\/users\/1"}],"replies":[{"embeddable":true,"href":"https:\/\/mehdiguelmamen.com\/index.php\/wp-json\/wp\/v2\/comments?post=54"}],"version-history":[{"count":20,"href":"https:\/\/mehdiguelmamen.com\/index.php\/wp-json\/wp\/v2\/pages\/54\/revisions"}],"predecessor-version":[{"id":183,"href":"https:\/\/mehdiguelmamen.com\/index.php\/wp-json\/wp\/v2\/pages\/54\/revisions\/183"}],"wp:attachment":[{"href":"https:\/\/mehdiguelmamen.com\/index.php\/wp-json\/wp\/v2\/media?parent=54"}],"curies":[{"name":"wp","href":"https:\/\/api.w.org\/{rel}","templated":true}]}}