{"id":66,"date":"2025-09-10T13:07:05","date_gmt":"2025-09-10T11:07:05","guid":{"rendered":"http:\/\/localhost:8888\/mehdig\/?page_id=66"},"modified":"2025-10-17T21:22:27","modified_gmt":"2025-10-17T19:22:27","slug":"recherche","status":"publish","type":"page","link":"https:\/\/mehdiguelmamen.com\/index.php\/recherche\/","title":{"rendered":"Recherche"},"content":{"rendered":"\t\t<div data-elementor-type=\"wp-page\" data-elementor-id=\"66\" class=\"elementor elementor-66\">\n\t\t\t\t<div class=\"elementor-element elementor-element-28ff412 e-flex e-con-boxed e-con e-parent\" data-id=\"28ff412\" data-element_type=\"container\" data-e-type=\"container\">\n\t\t\t\t\t<div class=\"e-con-inner\">\n\t\t\t\t<div class=\"elementor-element elementor-element-9c85968 elementor-widget elementor-widget-spacer\" data-id=\"9c85968\" data-element_type=\"widget\" data-e-type=\"widget\" data-widget_type=\"spacer.default\">\n\t\t\t\t\t\t\t<div class=\"elementor-spacer\">\n\t\t\t<div class=\"elementor-spacer-inner\"><\/div>\n\t\t<\/div>\n\t\t\t\t\t\t<\/div>\n\t\t\t\t\t<\/div>\n\t\t\t\t<\/div>\n\t\t<div class=\"elementor-element elementor-element-cee3362 e-flex e-con-boxed e-con e-parent\" data-id=\"cee3362\" data-element_type=\"container\" data-e-type=\"container\">\n\t\t\t\t\t<div class=\"e-con-inner\">\n\t\t<div class=\"elementor-element elementor-element-3eefd5d e-con-full e-flex e-con e-child\" data-id=\"3eefd5d\" data-element_type=\"container\" data-e-type=\"container\">\n\t\t\t\t<div class=\"elementor-element elementor-element-877a04e elementor-widget elementor-widget-heading\" data-id=\"877a04e\" data-element_type=\"widget\" data-e-type=\"widget\" data-widget_type=\"heading.default\">\n\t\t\t\t\t<h2 class=\"elementor-heading-title elementor-size-default\">Publications scientifiques :<\/h2>\t\t\t\t<\/div>\n\t\t\t\t<\/div>\n\t\t<div class=\"elementor-element elementor-element-2b98e72 e-con-full e-flex e-con e-child\" data-id=\"2b98e72\" data-element_type=\"container\" data-e-type=\"container\">\n\t\t\t\t<div class=\"elementor-element elementor-element-da06b0e elementor-widget elementor-widget-text-editor\" data-id=\"da06b0e\" data-element_type=\"widget\" data-e-type=\"widget\" data-widget_type=\"text-editor.default\">\n\t\t\t\t\t\t\t\t\t<ul><li>Guelmamen, M. (2025).\u00a0<a href=\"https:\/\/link.springer.com\/article\/10.1007\/s11151-025-10008-2\">Does Intermunicipal Cooperation Affect Prices? An Economic Analysis of the French Drinking Water Sector.<\/a> <i>Review of Industrial Organization<\/i>, 1-18.<\/li><li>Guelmamen, M., Garcia, S., et Mayol, A. (2025) <a href=\"https:\/\/www.sciencedirect.com\/science\/article\/pii\/S0144818825000596\">Inter-municipal cooperation in drinking water supply: Trade-offs between transaction costs, efficiency and service quality.<\/a> <em>International Review of Law and Economics.<\/em><\/li><li>Guelmamen, M. Drinking Water Governance: Organizational Pathways Through Economic, Geographic, and Ideological Lenses \u2013 A Literature Review. Accept\u00e9 pour publication dans <em>Revue d&rsquo;\u00e9conomie industrielle<\/em>.<\/li><\/ul>\t\t\t\t\t\t\t\t<\/div>\n\t\t\t\t<\/div>\n\t\t\t\t\t<\/div>\n\t\t\t\t<\/div>\n\t\t<div class=\"elementor-element elementor-element-083e02e e-flex e-con-boxed e-con e-parent\" data-id=\"083e02e\" data-element_type=\"container\" data-e-type=\"container\">\n\t\t\t\t\t<div class=\"e-con-inner\">\n\t\t<div class=\"elementor-element elementor-element-8e4cbf0 e-con-full e-flex e-con e-child\" data-id=\"8e4cbf0\" data-element_type=\"container\" data-e-type=\"container\">\n\t\t\t\t<div class=\"elementor-element elementor-element-a01b2c4 elementor-widget-divider--view-line elementor-widget elementor-widget-divider\" data-id=\"a01b2c4\" data-element_type=\"widget\" data-e-type=\"widget\" data-widget_type=\"divider.default\">\n\t\t\t\t\t\t\t<div class=\"elementor-divider\">\n\t\t\t<span class=\"elementor-divider-separator\">\n\t\t\t\t\t\t<\/span>\n\t\t<\/div>\n\t\t\t\t\t\t<\/div>\n\t\t\t\t<\/div>\n\t\t\t\t\t<\/div>\n\t\t\t\t<\/div>\n\t\t<div class=\"elementor-element elementor-element-91f6ebe e-flex e-con-boxed e-con e-parent\" data-id=\"91f6ebe\" data-element_type=\"container\" data-e-type=\"container\">\n\t\t\t\t\t<div class=\"e-con-inner\">\n\t\t<div class=\"elementor-element elementor-element-5b9cd0e e-con-full e-flex e-con e-child\" data-id=\"5b9cd0e\" data-element_type=\"container\" data-e-type=\"container\">\n\t\t\t\t<div class=\"elementor-element elementor-element-345d49f elementor-widget elementor-widget-heading\" data-id=\"345d49f\" data-element_type=\"widget\" data-e-type=\"widget\" data-widget_type=\"heading.default\">\n\t\t\t\t\t<h2 class=\"elementor-heading-title elementor-size-default\">Publication <\/br> dans des ouvrages collectifs : <\/h2>\t\t\t\t<\/div>\n\t\t\t\t<\/div>\n\t\t<div class=\"elementor-element elementor-element-6c3d180 e-con-full e-flex e-con e-child\" data-id=\"6c3d180\" data-element_type=\"container\" data-e-type=\"container\">\n\t\t\t\t<div class=\"elementor-element elementor-element-b1a74bd elementor-widget elementor-widget-text-editor\" data-id=\"b1a74bd\" data-element_type=\"widget\" data-e-type=\"widget\" data-widget_type=\"text-editor.default\">\n\t\t\t\t\t\t\t\t\t<ul><li>Guelmamen, M., et Mayol, A. (2024). <a href=\"https:\/\/droit.cairn.info\/l-eau-dans-tous-ses-etats--9782706155178-page-46\"><strong>Intercommunalit\u00e9s et gestion de l\u2019eau en france: Une analyse \u00e9conomique du droit des collectivit\u00e9s.<\/strong><\/a>\u00a0<i>L\u2019eau dans tous ses \u00e9tats<\/i> (pp. 46-68). Presses universitaires de Grenoble.<\/li><\/ul>\t\t\t\t\t\t\t\t<\/div>\n\t\t\t\t<\/div>\n\t\t\t\t\t<\/div>\n\t\t\t\t<\/div>\n\t\t<div class=\"elementor-element elementor-element-71adec3 e-flex e-con-boxed e-con e-parent\" data-id=\"71adec3\" data-element_type=\"container\" data-e-type=\"container\">\n\t\t\t\t\t<div class=\"e-con-inner\">\n\t\t<div class=\"elementor-element elementor-element-19c23ac e-con-full e-flex e-con e-child\" data-id=\"19c23ac\" data-element_type=\"container\" data-e-type=\"container\">\n\t\t\t\t<div class=\"elementor-element elementor-element-327952b elementor-widget-divider--view-line elementor-widget elementor-widget-divider\" data-id=\"327952b\" data-element_type=\"widget\" data-e-type=\"widget\" data-widget_type=\"divider.default\">\n\t\t\t\t\t\t\t<div class=\"elementor-divider\">\n\t\t\t<span class=\"elementor-divider-separator\">\n\t\t\t\t\t\t<\/span>\n\t\t<\/div>\n\t\t\t\t\t\t<\/div>\n\t\t\t\t<\/div>\n\t\t\t\t\t<\/div>\n\t\t\t\t<\/div>\n\t\t<div class=\"elementor-element elementor-element-392df64 e-flex e-con-boxed e-con e-parent\" data-id=\"392df64\" data-element_type=\"container\" data-e-type=\"container\">\n\t\t\t\t\t<div class=\"e-con-inner\">\n\t\t<div class=\"elementor-element elementor-element-5aabd29 e-con-full e-flex e-con e-child\" data-id=\"5aabd29\" data-element_type=\"container\" data-e-type=\"container\">\n\t\t\t\t<div class=\"elementor-element elementor-element-8b236bd elementor-widget elementor-widget-heading\" data-id=\"8b236bd\" data-element_type=\"widget\" data-e-type=\"widget\" data-widget_type=\"heading.default\">\n\t\t\t\t\t<h2 class=\"elementor-heading-title elementor-size-default\">Publications dans des revues sans comit\u00e9 de lecture : \n<\/h2>\t\t\t\t<\/div>\n\t\t\t\t<\/div>\n\t\t<div class=\"elementor-element elementor-element-edae4a7 e-con-full e-flex e-con e-child\" data-id=\"edae4a7\" data-element_type=\"container\" data-e-type=\"container\">\n\t\t\t\t<div class=\"elementor-element elementor-element-b4cacba elementor-widget elementor-widget-text-editor\" data-id=\"b4cacba\" data-element_type=\"widget\" data-e-type=\"widget\" data-widget_type=\"text-editor.default\">\n\t\t\t\t\t\t\t\t\t<ul><li><p class=\"legacy entry-title instapaper_title\"><strong><a href=\"https:\/\/theconversation.com\/et-si-leau-potable-ne-coulait-plus-de-source-quel-modele-economique-mettre-en-place-256596\">Et si l\u2019eau potable ne coulait plus de source\u2026 quel mod\u00e8le \u00e9conomique mettre en place ?<\/a> (2025), avec A. Mayol, J. Le Floch et S. Saussier. The Conversation<\/strong><\/p><\/li><\/ul>\t\t\t\t\t\t\t\t<\/div>\n\t\t\t\t<\/div>\n\t\t\t\t\t<\/div>\n\t\t\t\t<\/div>\n\t\t<div class=\"elementor-element elementor-element-9498de8 e-flex e-con-boxed e-con e-parent\" data-id=\"9498de8\" data-element_type=\"container\" data-e-type=\"container\">\n\t\t\t\t\t<div class=\"e-con-inner\">\n\t\t<div class=\"elementor-element elementor-element-b516d88 e-con-full e-flex e-con e-child\" data-id=\"b516d88\" data-element_type=\"container\" data-e-type=\"container\">\n\t\t\t\t<div class=\"elementor-element elementor-element-7def74b elementor-widget-divider--view-line elementor-widget elementor-widget-divider\" data-id=\"7def74b\" data-element_type=\"widget\" data-e-type=\"widget\" data-widget_type=\"divider.default\">\n\t\t\t\t\t\t\t<div class=\"elementor-divider\">\n\t\t\t<span class=\"elementor-divider-separator\">\n\t\t\t\t\t\t<\/span>\n\t\t<\/div>\n\t\t\t\t\t\t<\/div>\n\t\t\t\t<\/div>\n\t\t\t\t\t<\/div>\n\t\t\t\t<\/div>\n\t\t<div class=\"elementor-element elementor-element-c609f87 e-flex e-con-boxed e-con e-parent\" data-id=\"c609f87\" data-element_type=\"container\" data-e-type=\"container\">\n\t\t\t\t\t<div class=\"e-con-inner\">\n\t\t<div class=\"elementor-element elementor-element-29b31cd e-con-full e-flex e-con e-child\" data-id=\"29b31cd\" data-element_type=\"container\" data-e-type=\"container\">\n\t\t\t\t<div class=\"elementor-element elementor-element-af7b1a8 elementor-widget elementor-widget-heading\" data-id=\"af7b1a8\" data-element_type=\"widget\" data-e-type=\"widget\" data-widget_type=\"heading.default\">\n\t\t\t\t\t<h2 class=\"elementor-heading-title elementor-size-default\">Working <\/br> papers : <\/h2>\t\t\t\t<\/div>\n\t\t\t\t<\/div>\n\t\t<div class=\"elementor-element elementor-element-fe1224f e-con-full e-flex e-con e-child\" data-id=\"fe1224f\" data-element_type=\"container\" data-e-type=\"container\">\n\t\t\t\t<div class=\"elementor-element elementor-element-084e04b elementor-widget elementor-widget-text-editor\" data-id=\"084e04b\" data-element_type=\"widget\" data-e-type=\"widget\" data-widget_type=\"text-editor.default\">\n\t\t\t\t\t\t\t\t\t<div><ul><li><em>Water Quality and Price under Land Use Pressure: Economic and Institutional Perspectives.\u00a0<\/em>Avec Y. Ndiaye.<\/li><li><a href=\"https:\/\/beta.u-strasbg.fr\/WP\/2025\/2025-17.pdf\"><em>Cross-border migration and social mobility: regional dynamics as levers for upward social mobility?<\/em><\/a> Avec N. Khaldi. Soumis dans Socio-Economic Review (CNRS : 3, CNU : B).<\/li><\/ul><div>\u00a0<\/div><\/div><div>\u00a0<\/div>\t\t\t\t\t\t\t\t<\/div>\n\t\t\t\t<\/div>\n\t\t\t\t\t<\/div>\n\t\t\t\t<\/div>\n\t\t<div class=\"elementor-element elementor-element-87d1e86 e-flex e-con-boxed e-con e-parent\" data-id=\"87d1e86\" data-element_type=\"container\" data-e-type=\"container\">\n\t\t\t\t\t<div class=\"e-con-inner\">\n\t\t<div class=\"elementor-element elementor-element-489e6e4 e-con-full e-flex e-con e-child\" data-id=\"489e6e4\" data-element_type=\"container\" data-e-type=\"container\">\n\t\t\t\t<div class=\"elementor-element elementor-element-2a3773c elementor-widget-divider--view-line elementor-widget elementor-widget-divider\" data-id=\"2a3773c\" data-element_type=\"widget\" data-e-type=\"widget\" data-widget_type=\"divider.default\">\n\t\t\t\t\t\t\t<div class=\"elementor-divider\">\n\t\t\t<span class=\"elementor-divider-separator\">\n\t\t\t\t\t\t<\/span>\n\t\t<\/div>\n\t\t\t\t\t\t<\/div>\n\t\t\t\t<\/div>\n\t\t\t\t\t<\/div>\n\t\t\t\t<\/div>\n\t\t<div class=\"elementor-element elementor-element-de27b1e e-flex e-con-boxed e-con e-parent\" data-id=\"de27b1e\" data-element_type=\"container\" data-e-type=\"container\">\n\t\t\t\t\t<div class=\"e-con-inner\">\n\t\t<div class=\"elementor-element elementor-element-de7dca4 e-con-full e-flex e-con e-child\" data-id=\"de7dca4\" data-element_type=\"container\" data-e-type=\"container\">\n\t\t\t\t<div class=\"elementor-element elementor-element-5e51cab elementor-widget elementor-widget-heading\" data-id=\"5e51cab\" data-element_type=\"widget\" data-e-type=\"widget\" data-widget_type=\"heading.default\">\n\t\t\t\t\t<h2 class=\"elementor-heading-title elementor-size-default\">Encadrement <\/br> de m\u00e9moires :<\/h2>\t\t\t\t<\/div>\n\t\t\t\t<\/div>\n\t\t<div class=\"elementor-element elementor-element-e0bb00c e-con-full e-flex e-con e-child\" data-id=\"e0bb00c\" data-element_type=\"container\" data-e-type=\"container\">\n\t\t\t\t<div class=\"elementor-element elementor-element-bf04480 elementor-widget elementor-widget-text-editor\" data-id=\"bf04480\" data-element_type=\"widget\" data-e-type=\"widget\" data-widget_type=\"text-editor.default\">\n\t\t\t\t\t\t\t\t\t<div><ul><li>2025 : Rowaid Mekroud (M1 Administration Economique et Sociale). <em>L&rsquo;\u00e9volution de la strat\u00e9gie \u00e9conomique d&rsquo;EDF depuis 1946.\u00a0<\/em><br \/><span id=\"OBJ_PREFIX_DWT566_com_zimbra_url\" class=\"Object\" role=\"link\"><span id=\"OBJ_PREFIX_DWT582_com_zimbra_url\" class=\"Object\" role=\"link\"><\/span><\/span><\/li><li>2025 : Sami Es-Snibi (M1 Economie Appliqu\u00e9e). <em>Incertitudes politiques et dynamiques du march\u00e9 des cryptoactifs : une \u00e9tude \u00e9conom\u00e9trique.<\/em><\/li><\/ul><div>\u00a0<\/div><\/div>\t\t\t\t\t\t\t\t<\/div>\n\t\t\t\t<\/div>\n\t\t\t\t\t<\/div>\n\t\t\t\t<\/div>\n\t\t<div class=\"elementor-element elementor-element-82d86ef e-flex e-con-boxed e-con e-parent\" data-id=\"82d86ef\" data-element_type=\"container\" data-e-type=\"container\">\n\t\t\t\t\t<div class=\"e-con-inner\">\n\t\t<div class=\"elementor-element elementor-element-0178fb9 e-con-full e-flex e-con e-child\" data-id=\"0178fb9\" data-element_type=\"container\" data-e-type=\"container\">\n\t\t\t\t<div class=\"elementor-element elementor-element-89c59a1 elementor-widget elementor-widget-heading\" data-id=\"89c59a1\" data-element_type=\"widget\" data-e-type=\"widget\" data-widget_type=\"heading.default\">\n\t\t\t\t\t<h2 class=\"elementor-heading-title elementor-size-default\">Encadrement <\/br> des stagiaires :<\/h2>\t\t\t\t<\/div>\n\t\t\t\t<\/div>\n\t\t<div class=\"elementor-element elementor-element-af98104 e-con-full e-flex e-con e-child\" data-id=\"af98104\" data-element_type=\"container\" data-e-type=\"container\">\n\t\t\t\t<div class=\"elementor-element elementor-element-f5e9b7a elementor-widget elementor-widget-text-editor\" data-id=\"f5e9b7a\" data-element_type=\"widget\" data-e-type=\"widget\" data-widget_type=\"text-editor.default\">\n\t\t\t\t\t\t\t\t\t<ul><li><div>2025 : Sami Es-Snibi (L3 Economie). <em>L&rsquo;impact des crises politiques sur le cours du Bitcoin : une analyse macro\u00e9conom\u00e9trique.<\/em><\/div><\/li><li><div>2024 : Ilyana Lamor et Wissam Lagna (L2 Economie). <em>Les contrefa\u00e7ons dans le secteur du luxe : une analyse sous le prisme de l&rsquo;\u00e9conomie du droit.\u00a0<\/em><\/div><\/li><\/ul>\t\t\t\t\t\t\t\t<\/div>\n\t\t\t\t<\/div>\n\t\t\t\t\t<\/div>\n\t\t\t\t<\/div>\n\t\t\t\t<\/div>\n\t\t","protected":false},"excerpt":{"rendered":"<p>Publications scientifiques : Guelmamen, M. (2025).\u00a0Does Intermunicipal Cooperation Affect Prices? An Economic Analysis of the French Drinking Water Sector. Review of Industrial Organization, 1-18. Guelmamen, M., Garcia, S., et Mayol, A. (2025) Inter-municipal cooperation in drinking water supply: Trade-offs between transaction costs, efficiency and service quality. International Review of Law and Economics. Guelmamen, M. Drinking [&hellip;]<\/p>\n","protected":false},"author":1,"featured_media":0,"parent":0,"menu_order":0,"comment_status":"closed","ping_status":"closed","template":"","meta":{"footnotes":""},"class_list":["post-66","page","type-page","status-publish","hentry"],"_links":{"self":[{"href":"https:\/\/mehdiguelmamen.com\/index.php\/wp-json\/wp\/v2\/pages\/66","targetHints":{"allow":["GET"]}}],"collection":[{"href":"https:\/\/mehdiguelmamen.com\/index.php\/wp-json\/wp\/v2\/pages"}],"about":[{"href":"https:\/\/mehdiguelmamen.com\/index.php\/wp-json\/wp\/v2\/types\/page"}],"author":[{"embeddable":true,"href":"https:\/\/mehdiguelmamen.com\/index.php\/wp-json\/wp\/v2\/users\/1"}],"replies":[{"embeddable":true,"href":"https:\/\/mehdiguelmamen.com\/index.php\/wp-json\/wp\/v2\/comments?post=66"}],"version-history":[{"count":19,"href":"https:\/\/mehdiguelmamen.com\/index.php\/wp-json\/wp\/v2\/pages\/66\/revisions"}],"predecessor-version":[{"id":174,"href":"https:\/\/mehdiguelmamen.com\/index.php\/wp-json\/wp\/v2\/pages\/66\/revisions\/174"}],"wp:attachment":[{"href":"https:\/\/mehdiguelmamen.com\/index.php\/wp-json\/wp\/v2\/media?parent=66"}],"curies":[{"name":"wp","href":"https:\/\/api.w.org\/{rel}","templated":true}]}}